{"id":2,"date":"2016-05-10T03:48:21","date_gmt":"2016-05-10T03:48:21","guid":{"rendered":"https:\/\/www.trattoria-bella-italia.de\/?page_id=2"},"modified":"2026-01-13T19:46:21","modified_gmt":"2026-01-13T19:46:21","slug":"sample-page","status":"publish","type":"page","link":"https:\/\/www.trattoria-bella-italia.de\/","title":{"rendered":"Trattoria Bella Italia"},"content":{"rendered":"\n<!-- <p class=\"has-text-align-center\"><strong><o-anim-typing><font size=\"5\"><font color=\"white\">Liebe G\u00e4ste. Wir machen vom 01.01. - 13.01.2026 Betriebsferien. Ab dem 14.01.2026 haben wir wieder f\u00fcr Sie ge\u00f6ffnet<\/font><\/font><\/o-anim-typing><\/strong><\/p> --> <!-- text auskommentieren -->\n\n\n\n<p><\/p>\n","protected":false},"excerpt":{"rendered":"","protected":false},"author":1,"featured_media":0,"parent":0,"menu_order":0,"comment_status":"closed","ping_status":"open","template":"","meta":{"_themeisle_gutenberg_block_has_review":false,"footnotes":""},"class_list":["post-2","page","type-page","status-publish","czr-hentry"],"_links":{"self":[{"href":"https:\/\/www.trattoria-bella-italia.de\/index.php?rest_route=\/wp\/v2\/pages\/2","targetHints":{"allow":["GET"]}}],"collection":[{"href":"https:\/\/www.trattoria-bella-italia.de\/index.php?rest_route=\/wp\/v2\/pages"}],"about":[{"href":"https:\/\/www.trattoria-bella-italia.de\/index.php?rest_route=\/wp\/v2\/types\/page"}],"author":[{"embeddable":true,"href":"https:\/\/www.trattoria-bella-italia.de\/index.php?rest_route=\/wp\/v2\/users\/1"}],"replies":[{"embeddable":true,"href":"https:\/\/www.trattoria-bella-italia.de\/index.php?rest_route=%2Fwp%2Fv2%2Fcomments&post=2"}],"version-history":[{"count":116,"href":"https:\/\/www.trattoria-bella-italia.de\/index.php?rest_route=\/wp\/v2\/pages\/2\/revisions"}],"predecessor-version":[{"id":1061,"href":"https:\/\/www.trattoria-bella-italia.de\/index.php?rest_route=\/wp\/v2\/pages\/2\/revisions\/1061"}],"wp:attachment":[{"href":"https:\/\/www.trattoria-bella-italia.de\/index.php?rest_route=%2Fwp%2Fv2%2Fmedia&parent=2"}],"curies":[{"name":"wp","href":"https:\/\/api.w.org\/{rel}","templated":true}]}}